{"id":2273,"date":"2025-04-08T11:19:39","date_gmt":"2025-04-08T14:19:39","guid":{"rendered":"https:\/\/macitex.com.br\/?post_type=product&#038;p=2273"},"modified":"2025-04-08T11:47:36","modified_gmt":"2025-04-08T14:47:36","slug":"maquina-circular-orizio-j3be-2012","status":"publish","type":"product","link":"https:\/\/macitex.com.br\/?product=maquina-circular-orizio-j3be-2012","title":{"rendered":"M\u00e1quina Circular Orizio J3BE 2012"},"content":{"rendered":"<p>Refer\u00eancia: 105<br \/>\nMarca: Orizio<br \/>\nModelo: J3BE<br \/>\nDi\u00e2metro: 30&#8243;<br \/>\nFinura: 24<br \/>\nAno: 2012<br \/>\nAlimentadores: 72<br \/>\nProdu\u00e7\u00e3o: Malha Listrada de Algod\u00e3o ou Viscose, com ou sem elastano.<br \/>\nObs: Ponto Central; Bomba Eletr\u00f4nica Pulsonic; Kit Elastano.<\/p>\n","protected":false},"excerpt":{"rendered":"<p>Foi toda revisada em nossa oficina, garantia MACITEX de qualidade.<\/p>\n<p>Produ\u00e7\u00e3o: Meia Malha Listrada em Algod\u00e3o ou Viscose, com ou sem elastano.<\/p>\n","protected":false},"featured_media":2276,"comment_status":"open","ping_status":"closed","template":"","meta":{"_kadence_starter_templates_imported_post":false,"_kad_post_transparent":"default","_kad_post_title":"","_kad_post_layout":"default","_kad_post_sidebar_id":"","_kad_post_content_style":"default","_kad_post_vertical_padding":"default","_kad_post_feature":"","_kad_post_feature_position":"","_kad_post_header":false,"_kad_post_footer":false},"product_brand":[43],"product_cat":[19],"product_tag":[],"class_list":{"0":"post-2273","1":"product","2":"type-product","3":"status-publish","4":"has-post-thumbnail","6":"product_brand-orizio","7":"product_cat-usadas","9":"first","10":"instock","11":"shipping-taxable","12":"product-type-simple","13":"entry","14":"content-bg","15":"loop-entry"},"_links":{"self":[{"href":"https:\/\/macitex.com.br\/index.php?rest_route=\/wp\/v2\/product\/2273","targetHints":{"allow":["GET"]}}],"collection":[{"href":"https:\/\/macitex.com.br\/index.php?rest_route=\/wp\/v2\/product"}],"about":[{"href":"https:\/\/macitex.com.br\/index.php?rest_route=\/wp\/v2\/types\/product"}],"replies":[{"embeddable":true,"href":"https:\/\/macitex.com.br\/index.php?rest_route=%2Fwp%2Fv2%2Fcomments&post=2273"}],"wp:featuredmedia":[{"embeddable":true,"href":"https:\/\/macitex.com.br\/index.php?rest_route=\/wp\/v2\/media\/2276"}],"wp:attachment":[{"href":"https:\/\/macitex.com.br\/index.php?rest_route=%2Fwp%2Fv2%2Fmedia&parent=2273"}],"wp:term":[{"taxonomy":"product_brand","embeddable":true,"href":"https:\/\/macitex.com.br\/index.php?rest_route=%2Fwp%2Fv2%2Fproduct_brand&post=2273"},{"taxonomy":"product_cat","embeddable":true,"href":"https:\/\/macitex.com.br\/index.php?rest_route=%2Fwp%2Fv2%2Fproduct_cat&post=2273"},{"taxonomy":"product_tag","embeddable":true,"href":"https:\/\/macitex.com.br\/index.php?rest_route=%2Fwp%2Fv2%2Fproduct_tag&post=2273"}],"curies":[{"name":"wp","href":"https:\/\/api.w.org\/{rel}","templated":true}]}}